{"id":957,"date":"2025-08-26T12:50:46","date_gmt":"2025-08-26T12:50:46","guid":{"rendered":"https:\/\/grupapawie.pl\/?page_id=957"},"modified":"2025-09-05T12:37:43","modified_gmt":"2025-09-05T12:37:43","slug":"pokoj-dwuosobowy","status":"publish","type":"page","link":"https:\/\/grupapawie.pl\/en\/noclegi\/pokoj-dwuosobowy\/","title":{"rendered":"Pok\u00f3j dwuosobowy"},"content":{"rendered":"<div data-elementor-type=\"wp-page\" data-elementor-id=\"957\" class=\"elementor elementor-957\" data-elementor-post-type=\"page\">\n\t\t\t\t<div class=\"elementor-element elementor-element-b80fcf6 e-flex e-con-boxed e-con e-parent\" data-id=\"b80fcf6\" data-element_type=\"container\" data-settings=\"{&quot;background_background&quot;:&quot;classic&quot;}\">\n\t\t\t\t\t<div class=\"e-con-inner\">\n\t\t\t\t<div class=\"elementor-element elementor-element-d56cad3 elementor-widget elementor-widget-heading\" data-id=\"d56cad3\" data-element_type=\"widget\" data-widget_type=\"heading.default\">\n\t\t\t\t\t<h1 class=\"elementor-heading-title elementor-size-default\">Double Room  <\/h1>\t\t\t\t<\/div>\n\t\t\t\t<div class=\"elementor-element elementor-element-4890364 elementor-widget elementor-widget-text-editor\" data-id=\"4890364\" data-element_type=\"widget\" data-widget_type=\"text-editor.default\">\n\t\t\t\t\t\t\t\t\t<p><span class=\"a_GcMg font-feature-liga-off font-feature-clig-off font-feature-calt-off text-decoration-none text-strikethrough-none\">The Deluxe Double Room is ideal for those who appreciate comfort and a cosy atmosphere. It is perfect for couples, as well as for people travelling on business or tourism in Warmia and Mazury.<\/span><\/p>\t\t\t\t\t\t\t\t<\/div>\n\t\t\t\t\t<\/div>\n\t\t\t\t<\/div>\n\t\t<div class=\"elementor-element elementor-element-2305a95 e-flex e-con-boxed e-con e-parent\" data-id=\"2305a95\" data-element_type=\"container\" data-settings=\"{&quot;background_background&quot;:&quot;classic&quot;}\">\n\t\t\t\t\t<div class=\"e-con-inner\">\n\t\t\t\t<div class=\"elementor-element elementor-element-773b9d0 elementor-widget elementor-widget-heading\" data-id=\"773b9d0\" data-element_type=\"widget\" data-widget_type=\"heading.default\">\n\t\t\t\t\t<h2 class=\"elementor-heading-title elementor-size-default\">Comfortable interior<\/h2>\t\t\t\t<\/div>\n\t\t\t\t<div class=\"elementor-element elementor-element-47987b0 elementor-arrows-position-inside elementor-widget elementor-widget-image-carousel\" data-id=\"47987b0\" data-element_type=\"widget\" data-settings=\"{&quot;slides_to_show&quot;:&quot;2&quot;,&quot;slides_to_scroll&quot;:&quot;1&quot;,&quot;navigation&quot;:&quot;arrows&quot;,&quot;image_spacing_custom&quot;:{&quot;unit&quot;:&quot;px&quot;,&quot;size&quot;:40,&quot;sizes&quot;:[]},&quot;autoplay&quot;:&quot;yes&quot;,&quot;pause_on_hover&quot;:&quot;yes&quot;,&quot;pause_on_interaction&quot;:&quot;yes&quot;,&quot;autoplay_speed&quot;:5000,&quot;infinite&quot;:&quot;yes&quot;,&quot;speed&quot;:500,&quot;image_spacing_custom_tablet&quot;:{&quot;unit&quot;:&quot;px&quot;,&quot;size&quot;:&quot;&quot;,&quot;sizes&quot;:[]},&quot;image_spacing_custom_mobile&quot;:{&quot;unit&quot;:&quot;px&quot;,&quot;size&quot;:&quot;&quot;,&quot;sizes&quot;:[]}}\" data-widget_type=\"image-carousel.default\">\n\t\t\t\t\t\t\t<div class=\"elementor-image-carousel-wrapper swiper\" role=\"region\" aria-roledescription=\"carousel\" aria-label=\"Carousel of images\" dir=\"ltr\">\n\t\t\t<div class=\"elementor-image-carousel swiper-wrapper\" aria-live=\"off\">\n\t\t\t\t\t\t\t\t<div class=\"swiper-slide\" role=\"group\" aria-roledescription=\"slide\" aria-label=\"1 z 2\"><figure class=\"swiper-slide-inner\"><img decoding=\"async\" class=\"swiper-slide-image\" src=\"https:\/\/grupapawie.pl\/wp-content\/uploads\/2025\/08\/width_799.webp\" alt=\"width_799\" \/><\/figure><\/div><div class=\"swiper-slide\" role=\"group\" aria-roledescription=\"slide\" aria-label=\"2 z 2\"><figure class=\"swiper-slide-inner\"><img decoding=\"async\" class=\"swiper-slide-image\" src=\"https:\/\/grupapawie.pl\/wp-content\/uploads\/2025\/08\/width_800-1-1.webp\" alt=\"width_800 (1)\" \/><\/figure><\/div>\t\t\t<\/div>\n\t\t\t\t\t\t\t\t\t\t\t\t<div class=\"elementor-swiper-button elementor-swiper-button-prev\" role=\"button\" tabindex=\"0\">\n\t\t\t\t\t\t<svg class=\"_gVFWg puDYqA\" viewbox=\"0 0 64 64\"><path fill=\"#fff\" d=\"M64 32L32 0V16H0V48H32V64L64 32Z\" vector-effect=\"non-scaling-stroke\"><\/path><\/svg>\t\t\t\t\t<\/div>\n\t\t\t\t\t<div class=\"elementor-swiper-button elementor-swiper-button-next\" role=\"button\" tabindex=\"0\">\n\t\t\t\t\t\t<svg class=\"_gVFWg puDYqA\" viewbox=\"0 0 64 64\"><path fill=\"#fff\" d=\"M64 32L32 0V16H0V48H32V64L64 32Z\" vector-effect=\"non-scaling-stroke\"><\/path><\/svg>\t\t\t\t\t<\/div>\n\t\t\t\t\n\t\t\t\t\t\t\t\t\t<\/div>\n\t\t\t\t\t\t<\/div>\n\t\t\t\t<div class=\"elementor-element elementor-element-7982c77 elementor-widget elementor-widget-text-editor\" data-id=\"7982c77\" data-element_type=\"widget\" data-widget_type=\"text-editor.default\">\n\t\t\t\t\t\t\t\t\t<ul><li><span class=\"a_GcMg font-feature-liga-off font-feature-clig-off font-feature-calt-off text-decoration-none text-strikethrough-none\">area: 12 m\u00b2,<\/span><\/li><li><span class=\"a_GcMg font-feature-liga-off font-feature-clig-off font-feature-calt-off text-decoration-none text-strikethrough-none\">layout: 2 single beds which can be joined together,<\/span><\/li><li><span class=\"a_GcMg font-feature-liga-off font-feature-clig-off font-feature-calt-off text-decoration-none text-strikethrough-none\">private bathroom with full facilities,<\/span><\/li><li><span class=\"a_GcMg font-feature-liga-off font-feature-clig-off font-feature-calt-off text-decoration-none text-strikethrough-none\">elegant d\u00e9cor combining natural wood and modern touches.<\/span><\/li><\/ul><p class=\"cvGsUA direction-ltr align-start para-style-body\"><span class=\"a_GcMg font-feature-liga-off font-feature-clig-off font-feature-calt-off text-decoration-none text-strikethrough-none\">Guests particularly appreciate the comfort, with beds rated 8.3\/10 based on more than 70 reviews.<\/span><\/p>\t\t\t\t\t\t\t\t<\/div>\n\t\t\t\t\t<\/div>\n\t\t\t\t<\/div>\n\t\t<div class=\"elementor-element elementor-element-2285748 e-flex e-con-boxed e-con e-parent\" data-id=\"2285748\" data-element_type=\"container\">\n\t\t\t\t\t<div class=\"e-con-inner\">\n\t\t\t\t<div class=\"elementor-element elementor-element-1e0a93d elementor-widget elementor-widget-heading\" data-id=\"1e0a93d\" data-element_type=\"widget\" data-widget_type=\"heading.default\">\n\t\t\t\t\t<h2 class=\"elementor-heading-title elementor-size-default\">An ideal choice for\ncouples looking for comfortable accommodation<\/h2>\t\t\t\t<\/div>\n\t\t\t\t\t<\/div>\n\t\t\t\t<\/div>\n\t\t<div class=\"elementor-element elementor-element-c7f60d6 e-flex e-con-boxed e-con e-parent\" data-id=\"c7f60d6\" data-element_type=\"container\" data-settings=\"{&quot;background_background&quot;:&quot;classic&quot;}\">\n\t\t\t\t\t<div class=\"e-con-inner\">\n\t\t\t\t<div class=\"elementor-element elementor-element-fdba1b7 elementor-widget elementor-widget-heading\" data-id=\"fdba1b7\" data-element_type=\"widget\" data-widget_type=\"heading.default\">\n\t\t\t\t\t<h2 class=\"elementor-heading-title elementor-size-default\">Room facilities<\/h2>\t\t\t\t<\/div>\n\t\t\t\t<div class=\"elementor-element elementor-element-987ff09 elementor-widget elementor-widget-text-editor\" data-id=\"987ff09\" data-element_type=\"widget\" data-widget_type=\"text-editor.default\">\n\t\t\t\t\t\t\t\t\t<ul><li><span class=\"a_GcMg font-feature-liga-off font-feature-clig-off font-feature-calt-off text-decoration-none text-strikethrough-none\">flat-screen TV,<\/span><\/li><li><span class=\"a_GcMg font-feature-liga-off font-feature-clig-off font-feature-calt-off text-decoration-none text-strikethrough-none\">free Wi-Fi,<\/span><\/li><li><span class=\"a_GcMg font-feature-liga-off font-feature-clig-off font-feature-calt-off text-decoration-none text-strikethrough-none\">desk and table,<\/span><\/li><li><span class=\"a_GcMg font-feature-liga-off font-feature-clig-off font-feature-calt-off text-decoration-none text-strikethrough-none\">wardrobe or dressing table,<\/span><\/li><li><span class=\"a_GcMg font-feature-liga-off font-feature-clig-off font-feature-calt-off text-decoration-none text-strikethrough-none\">bed linen, bathrobes and towels,<\/span><\/li><li><span class=\"a_GcMg font-feature-liga-off font-feature-clig-off font-feature-calt-off text-decoration-none text-strikethrough-none\">clothes rack, field bed on request.<\/span><\/li><\/ul>\t\t\t\t\t\t\t\t<\/div>\n\t\t\t\t<div class=\"elementor-element elementor-element-e3172ad elementor-widget elementor-widget-heading\" data-id=\"e3172ad\" data-element_type=\"widget\" data-widget_type=\"heading.default\">\n\t\t\t\t\t<h2 class=\"elementor-heading-title elementor-size-default\">Facilities <br \/>additional<\/h2>\t\t\t\t<\/div>\n\t\t<div class=\"elementor-element elementor-element-6a608bc e-con-full e-flex e-con e-child\" data-id=\"6a608bc\" data-element_type=\"container\">\n\t\t\t\t<div class=\"elementor-element elementor-element-30b2645 elementor-position-right elementor-vertical-align-middle elementor-widget__width-initial elementor-widget elementor-widget-image-box\" data-id=\"30b2645\" data-element_type=\"widget\" data-widget_type=\"image-box.default\">\n\t\t\t\t\t<div class=\"elementor-image-box-wrapper\"><figure class=\"elementor-image-box-img\"><img fetchpriority=\"high\" decoding=\"async\" width=\"800\" height=\"758\" src=\"https:\/\/grupapawie.pl\/wp-content\/uploads\/2025\/08\/309183ba-c18c-42ea-aded-c44ad4f12f21.png\" class=\"attachment-full size-full wp-image-743\" alt=\"\" srcset=\"https:\/\/grupapawie.pl\/wp-content\/uploads\/2025\/08\/309183ba-c18c-42ea-aded-c44ad4f12f21.png 800w, https:\/\/grupapawie.pl\/wp-content\/uploads\/2025\/08\/309183ba-c18c-42ea-aded-c44ad4f12f21-600x569.png 600w, https:\/\/grupapawie.pl\/wp-content\/uploads\/2025\/08\/309183ba-c18c-42ea-aded-c44ad4f12f21-300x284.png 300w, https:\/\/grupapawie.pl\/wp-content\/uploads\/2025\/08\/309183ba-c18c-42ea-aded-c44ad4f12f21-768x728.png 768w\" sizes=\"(max-width: 800px) 100vw, 800px\" \/><\/figure><div class=\"elementor-image-box-content\"><h3 class=\"elementor-image-box-title\">possibility to use the jacuzzi and sauna in the relaxation area of the Peacock Group<\/h3><\/div><\/div>\t\t\t\t<\/div>\n\t\t\t\t<div class=\"elementor-element elementor-element-ce0a23e elementor-position-right elementor-vertical-align-middle elementor-widget__width-initial elementor-widget elementor-widget-image-box\" data-id=\"ce0a23e\" data-element_type=\"widget\" data-widget_type=\"image-box.default\">\n\t\t\t\t\t<div class=\"elementor-image-box-wrapper\"><figure class=\"elementor-image-box-img\"><img decoding=\"async\" width=\"800\" height=\"718\" src=\"https:\/\/grupapawie.pl\/wp-content\/uploads\/2025\/08\/76c6bdfb-614b-46d1-9fc7-d3e795f7c934.png\" class=\"attachment-full size-full wp-image-744\" alt=\"\" srcset=\"https:\/\/grupapawie.pl\/wp-content\/uploads\/2025\/08\/76c6bdfb-614b-46d1-9fc7-d3e795f7c934.png 800w, https:\/\/grupapawie.pl\/wp-content\/uploads\/2025\/08\/76c6bdfb-614b-46d1-9fc7-d3e795f7c934-600x539.png 600w, https:\/\/grupapawie.pl\/wp-content\/uploads\/2025\/08\/76c6bdfb-614b-46d1-9fc7-d3e795f7c934-300x269.png 300w, https:\/\/grupapawie.pl\/wp-content\/uploads\/2025\/08\/76c6bdfb-614b-46d1-9fc7-d3e795f7c934-768x689.png 768w\" sizes=\"(max-width: 800px) 100vw, 800px\" \/><\/figure><div class=\"elementor-image-box-content\"><h3 class=\"elementor-image-box-title\">proximity to the Peacock Feather restaurant, where you can enjoy dishes based on local products<\/h3><\/div><\/div>\t\t\t\t<\/div>\n\t\t\t\t<div class=\"elementor-element elementor-element-075b849 elementor-position-right elementor-vertical-align-middle elementor-widget__width-initial elementor-widget elementor-widget-image-box\" data-id=\"075b849\" data-element_type=\"widget\" data-widget_type=\"image-box.default\">\n\t\t\t\t\t<div class=\"elementor-image-box-wrapper\"><figure class=\"elementor-image-box-img\"><img decoding=\"async\" width=\"800\" height=\"572\" src=\"https:\/\/grupapawie.pl\/wp-content\/uploads\/2025\/08\/c2e36d16-aed8-44b4-a82d-d9d9a2d221d3.png\" class=\"attachment-full size-full wp-image-748\" alt=\"\" srcset=\"https:\/\/grupapawie.pl\/wp-content\/uploads\/2025\/08\/c2e36d16-aed8-44b4-a82d-d9d9a2d221d3.png 800w, https:\/\/grupapawie.pl\/wp-content\/uploads\/2025\/08\/c2e36d16-aed8-44b4-a82d-d9d9a2d221d3-600x429.png 600w, https:\/\/grupapawie.pl\/wp-content\/uploads\/2025\/08\/c2e36d16-aed8-44b4-a82d-d9d9a2d221d3-300x215.png 300w, https:\/\/grupapawie.pl\/wp-content\/uploads\/2025\/08\/c2e36d16-aed8-44b4-a82d-d9d9a2d221d3-768x549.png 768w\" sizes=\"(max-width: 800px) 100vw, 800px\" \/><\/figure><div class=\"elementor-image-box-content\"><h3 class=\"elementor-image-box-title\">quiet sleep area<\/h3><\/div><\/div>\t\t\t\t<\/div>\n\t\t\t\t<div class=\"elementor-element elementor-element-a4cb492 elementor-position-right elementor-vertical-align-middle elementor-widget__width-initial elementor-widget elementor-widget-image-box\" data-id=\"a4cb492\" data-element_type=\"widget\" data-widget_type=\"image-box.default\">\n\t\t\t\t\t<div class=\"elementor-image-box-wrapper\"><figure class=\"elementor-image-box-img\"><img loading=\"lazy\" decoding=\"async\" width=\"800\" height=\"800\" src=\"https:\/\/grupapawie.pl\/wp-content\/uploads\/2025\/08\/ce146ce7-1237-4bbb-9d29-4a91c6d6f3c6.png\" class=\"attachment-full size-full wp-image-749\" alt=\"\" srcset=\"https:\/\/grupapawie.pl\/wp-content\/uploads\/2025\/08\/ce146ce7-1237-4bbb-9d29-4a91c6d6f3c6.png 800w, https:\/\/grupapawie.pl\/wp-content\/uploads\/2025\/08\/ce146ce7-1237-4bbb-9d29-4a91c6d6f3c6-300x300.png 300w, https:\/\/grupapawie.pl\/wp-content\/uploads\/2025\/08\/ce146ce7-1237-4bbb-9d29-4a91c6d6f3c6-100x100.png 100w, https:\/\/grupapawie.pl\/wp-content\/uploads\/2025\/08\/ce146ce7-1237-4bbb-9d29-4a91c6d6f3c6-600x600.png 600w, https:\/\/grupapawie.pl\/wp-content\/uploads\/2025\/08\/ce146ce7-1237-4bbb-9d29-4a91c6d6f3c6-150x150.png 150w, https:\/\/grupapawie.pl\/wp-content\/uploads\/2025\/08\/ce146ce7-1237-4bbb-9d29-4a91c6d6f3c6-768x768.png 768w\" sizes=\"(max-width: 800px) 100vw, 800px\" \/><\/figure><div class=\"elementor-image-box-content\"><h3 class=\"elementor-image-box-title\">the flat is non-smoking<\/h3><\/div><\/div>\t\t\t\t<\/div>\n\t\t\t\t<\/div>\n\t\t\t\t\t<\/div>\n\t\t\t\t<\/div>\n\t\t<div class=\"elementor-element elementor-element-1541df4 e-flex e-con-boxed e-con e-parent\" data-id=\"1541df4\" data-element_type=\"container\">\n\t\t\t\t\t<div class=\"e-con-inner\">\n\t\t\t\t<div class=\"elementor-element elementor-element-9bd7a31 elementor-widget elementor-widget-heading\" data-id=\"9bd7a31\" data-element_type=\"widget\" data-widget_type=\"heading.default\">\n\t\t\t\t\t<h2 class=\"elementor-heading-title elementor-size-default\">Booking <br \/>\nPREMIUM ROOM<\/h2>\t\t\t\t<\/div>\n\t\t\t\t<div class=\"elementor-element elementor-element-f1cf24f elementor-widget elementor-widget-text-editor\" data-id=\"f1cf24f\" data-element_type=\"widget\" data-widget_type=\"text-editor.default\">\n\t\t\t\t\t\t\t\t\t<p class=\"cvGsUA direction-ltr align-start para-style-body\"><span class=\"a_GcMg font-feature-liga-off font-feature-clig-off font-feature-calt-off text-decoration-none text-strikethrough-none\">If you dream of staying in a unique flat in Warmia and Mazury, contact <\/span><span class=\"a_GcMg font-feature-liga-off font-feature-clig-off font-feature-calt-off text-decoration-none text-strikethrough-none\">with us:<\/span><\/p>\t\t\t\t\t\t\t\t<\/div>\n\t\t<div class=\"elementor-element elementor-element-1823b7d e-con-full e-flex e-con e-child\" data-id=\"1823b7d\" data-element_type=\"container\">\n\t\t<div class=\"elementor-element elementor-element-bf2d42c e-con-full e-flex e-con e-child\" data-id=\"bf2d42c\" data-element_type=\"container\">\n\t\t\t\t<div class=\"elementor-element elementor-element-d510cdf elementor-position-left elementor-vertical-align-middle elementor-widget__width-auto elementor-widget elementor-widget-image-box\" data-id=\"d510cdf\" data-element_type=\"widget\" data-widget_type=\"image-box.default\">\n\t\t\t\t\t<div class=\"elementor-image-box-wrapper\"><figure class=\"elementor-image-box-img\"><a href=\"tel:+48%20600%20111%20753\" tabindex=\"-1\"><img loading=\"lazy\" decoding=\"async\" width=\"800\" height=\"800\" src=\"https:\/\/grupapawie.pl\/wp-content\/uploads\/2025\/08\/078f16e0-734a-42a4-98b1-64b052a21384.png\" class=\"attachment-full size-full wp-image-637\" alt=\"\" srcset=\"https:\/\/grupapawie.pl\/wp-content\/uploads\/2025\/08\/078f16e0-734a-42a4-98b1-64b052a21384.png 800w, https:\/\/grupapawie.pl\/wp-content\/uploads\/2025\/08\/078f16e0-734a-42a4-98b1-64b052a21384-300x300.png 300w, https:\/\/grupapawie.pl\/wp-content\/uploads\/2025\/08\/078f16e0-734a-42a4-98b1-64b052a21384-100x100.png 100w, https:\/\/grupapawie.pl\/wp-content\/uploads\/2025\/08\/078f16e0-734a-42a4-98b1-64b052a21384-600x600.png 600w, https:\/\/grupapawie.pl\/wp-content\/uploads\/2025\/08\/078f16e0-734a-42a4-98b1-64b052a21384-150x150.png 150w, https:\/\/grupapawie.pl\/wp-content\/uploads\/2025\/08\/078f16e0-734a-42a4-98b1-64b052a21384-768x768.png 768w\" sizes=\"(max-width: 800px) 100vw, 800px\" \/><\/a><\/figure><div class=\"elementor-image-box-content\"><h4 class=\"elementor-image-box-title\"><a href=\"tel:+48%20600%20111%20753\">+48 600 111 753<\/a><\/h4><\/div><\/div>\t\t\t\t<\/div>\n\t\t\t\t<div class=\"elementor-element elementor-element-6cebbc0 elementor-position-left elementor-vertical-align-middle elementor-widget__width-auto elementor-widget elementor-widget-image-box\" data-id=\"6cebbc0\" data-element_type=\"widget\" data-widget_type=\"image-box.default\">\n\t\t\t\t\t<div class=\"elementor-image-box-wrapper\"><figure class=\"elementor-image-box-img\"><a href=\"mailto:recepcja@grupapawie.pl\" tabindex=\"-1\"><img loading=\"lazy\" decoding=\"async\" width=\"800\" height=\"800\" src=\"https:\/\/grupapawie.pl\/wp-content\/uploads\/2025\/08\/ea0049b6-6dae-4ceb-a4cd-eba79994fae3.png\" class=\"attachment-full size-full wp-image-638\" alt=\"\" srcset=\"https:\/\/grupapawie.pl\/wp-content\/uploads\/2025\/08\/ea0049b6-6dae-4ceb-a4cd-eba79994fae3.png 800w, https:\/\/grupapawie.pl\/wp-content\/uploads\/2025\/08\/ea0049b6-6dae-4ceb-a4cd-eba79994fae3-300x300.png 300w, https:\/\/grupapawie.pl\/wp-content\/uploads\/2025\/08\/ea0049b6-6dae-4ceb-a4cd-eba79994fae3-100x100.png 100w, https:\/\/grupapawie.pl\/wp-content\/uploads\/2025\/08\/ea0049b6-6dae-4ceb-a4cd-eba79994fae3-600x600.png 600w, https:\/\/grupapawie.pl\/wp-content\/uploads\/2025\/08\/ea0049b6-6dae-4ceb-a4cd-eba79994fae3-150x150.png 150w, https:\/\/grupapawie.pl\/wp-content\/uploads\/2025\/08\/ea0049b6-6dae-4ceb-a4cd-eba79994fae3-768x768.png 768w\" sizes=\"(max-width: 800px) 100vw, 800px\" \/><\/a><\/figure><div class=\"elementor-image-box-content\"><h4 class=\"elementor-image-box-title\"><a href=\"mailto:recepcja@grupapawie.pl\">recepcja@grupapawie.pl<\/a><\/h4><\/div><\/div>\t\t\t\t<\/div>\n\t\t\t\t<div class=\"elementor-element elementor-element-ee11eea elementor-position-left elementor-vertical-align-middle elementor-widget__width-auto elementor-widget elementor-widget-image-box\" data-id=\"ee11eea\" data-element_type=\"widget\" data-widget_type=\"image-box.default\">\n\t\t\t\t\t<div class=\"elementor-image-box-wrapper\"><figure class=\"elementor-image-box-img\"><img loading=\"lazy\" decoding=\"async\" width=\"800\" height=\"800\" src=\"https:\/\/grupapawie.pl\/wp-content\/uploads\/2025\/08\/db82d5ce-30c7-4bbb-860b-758aee1aca8a.png\" class=\"attachment-full size-full wp-image-639\" alt=\"\" srcset=\"https:\/\/grupapawie.pl\/wp-content\/uploads\/2025\/08\/db82d5ce-30c7-4bbb-860b-758aee1aca8a.png 800w, https:\/\/grupapawie.pl\/wp-content\/uploads\/2025\/08\/db82d5ce-30c7-4bbb-860b-758aee1aca8a-300x300.png 300w, https:\/\/grupapawie.pl\/wp-content\/uploads\/2025\/08\/db82d5ce-30c7-4bbb-860b-758aee1aca8a-100x100.png 100w, https:\/\/grupapawie.pl\/wp-content\/uploads\/2025\/08\/db82d5ce-30c7-4bbb-860b-758aee1aca8a-600x600.png 600w, https:\/\/grupapawie.pl\/wp-content\/uploads\/2025\/08\/db82d5ce-30c7-4bbb-860b-758aee1aca8a-150x150.png 150w, https:\/\/grupapawie.pl\/wp-content\/uploads\/2025\/08\/db82d5ce-30c7-4bbb-860b-758aee1aca8a-768x768.png 768w\" sizes=\"(max-width: 800px) 100vw, 800px\" \/><\/figure><div class=\"elementor-image-box-content\"><h4 class=\"elementor-image-box-title\">13-300 Tylice 62<\/h4><\/div><\/div>\t\t\t\t<\/div>\n\t\t\t\t<\/div>\n\t\t\t\t<\/div>\n\t\t\t\t\t<\/div>\n\t\t\t\t<\/div>\n\t\t\t\t<\/div>","protected":false},"excerpt":{"rendered":"<p>Pok\u00f3j Dwuosobowy Pok\u00f3j dwuosobowy typu Deluxe to idealna propozycja dla os\u00f3b ceni\u0105cych sobie komfort i przytulny klimat. Doskona\u0142y zar\u00f3wno dla par, jak i dla os\u00f3b podr\u00f3\u017cuj\u0105cych s\u0142u\u017cbowo lub turystycznie po Warmii i Mazurach. Komfortowe wn\u0119trze powierzchnia: 12 m\u00b2, uk\u0142ad: 2 \u0142\u00f3\u017cka pojedyncze z mo\u017cliwo\u015bci\u0105 z\u0142\u0105czenia, prywatna \u0142azienka z pe\u0142nym wyposa\u017ceniem, elegancki wystr\u00f3j \u0142\u0105cz\u0105cy naturalne drewno [&hellip;]<\/p>","protected":false},"author":1,"featured_media":0,"parent":412,"menu_order":0,"comment_status":"closed","ping_status":"closed","template":"","meta":{"footnotes":""},"class_list":["post-957","page","type-page","status-publish","hentry"],"_links":{"self":[{"href":"https:\/\/grupapawie.pl\/en\/wp-json\/wp\/v2\/pages\/957","targetHints":{"allow":["GET"]}}],"collection":[{"href":"https:\/\/grupapawie.pl\/en\/wp-json\/wp\/v2\/pages"}],"about":[{"href":"https:\/\/grupapawie.pl\/en\/wp-json\/wp\/v2\/types\/page"}],"author":[{"embeddable":true,"href":"https:\/\/grupapawie.pl\/en\/wp-json\/wp\/v2\/users\/1"}],"replies":[{"embeddable":true,"href":"https:\/\/grupapawie.pl\/en\/wp-json\/wp\/v2\/comments?post=957"}],"version-history":[{"count":25,"href":"https:\/\/grupapawie.pl\/en\/wp-json\/wp\/v2\/pages\/957\/revisions"}],"predecessor-version":[{"id":1909,"href":"https:\/\/grupapawie.pl\/en\/wp-json\/wp\/v2\/pages\/957\/revisions\/1909"}],"up":[{"embeddable":true,"href":"https:\/\/grupapawie.pl\/en\/wp-json\/wp\/v2\/pages\/412"}],"wp:attachment":[{"href":"https:\/\/grupapawie.pl\/en\/wp-json\/wp\/v2\/media?parent=957"}],"curies":[{"name":"wp","href":"https:\/\/api.w.org\/{rel}","templated":true}]}}