{"id":677,"date":"2025-08-22T10:30:40","date_gmt":"2025-08-22T10:30:40","guid":{"rendered":"https:\/\/grupapawie.pl\/?page_id=677"},"modified":"2025-09-05T12:36:26","modified_gmt":"2025-09-05T12:36:26","slug":"pokoj-premium","status":"publish","type":"page","link":"https:\/\/grupapawie.pl\/en\/noclegi\/pokoj-premium\/","title":{"rendered":"Pokoj Premium"},"content":{"rendered":"<div data-elementor-type=\"wp-page\" data-elementor-id=\"677\" class=\"elementor elementor-677\" data-elementor-post-type=\"page\">\n\t\t\t\t<div class=\"elementor-element elementor-element-b80fcf6 e-flex e-con-boxed e-con e-parent\" data-id=\"b80fcf6\" data-element_type=\"container\" data-settings=\"{&quot;background_background&quot;:&quot;classic&quot;}\">\n\t\t\t\t\t<div class=\"e-con-inner\">\n\t\t\t\t<div class=\"elementor-element elementor-element-d56cad3 elementor-widget elementor-widget-heading\" data-id=\"d56cad3\" data-element_type=\"widget\" data-widget_type=\"heading.default\">\n\t\t\t\t\t<h1 class=\"elementor-heading-title elementor-size-default\">PREMIUM ROOM <br \/>\nwith bedroom and balcony<\/h1>\t\t\t\t<\/div>\n\t\t\t\t<div class=\"elementor-element elementor-element-4890364 elementor-widget elementor-widget-text-editor\" data-id=\"4890364\" data-element_type=\"widget\" data-widget_type=\"text-editor.default\">\n\t\t\t\t\t\t\t\t\t<p class=\"cvGsUA direction-ltr align-center para-style-body\"><span class=\"a_GcMg font-feature-liga-off font-feature-clig-off font-feature-calt-off text-decoration-none text-strikethrough-none\">Our unique premium room is for guests who value comfort, privacy <\/span><span class=\"a_GcMg font-feature-liga-off font-feature-clig-off font-feature-calt-off text-decoration-none text-strikethrough-none\">and elegance. It is the only such room in the Peacock Group, making every stay a truly unique experience.<\/span><\/p>\t\t\t\t\t\t\t\t<\/div>\n\t\t\t\t\t<\/div>\n\t\t\t\t<\/div>\n\t\t<div class=\"elementor-element elementor-element-2305a95 e-flex e-con-boxed e-con e-parent\" data-id=\"2305a95\" data-element_type=\"container\" data-settings=\"{&quot;background_background&quot;:&quot;classic&quot;}\">\n\t\t\t\t\t<div class=\"e-con-inner\">\n\t\t\t\t<div class=\"elementor-element elementor-element-773b9d0 elementor-widget elementor-widget-heading\" data-id=\"773b9d0\" data-element_type=\"widget\" data-widget_type=\"heading.default\">\n\t\t\t\t\t<h2 class=\"elementor-heading-title elementor-size-default\">Comfortable interior<\/h2>\t\t\t\t<\/div>\n\t\t\t\t<div class=\"elementor-element elementor-element-47987b0 elementor-arrows-position-inside elementor-widget elementor-widget-image-carousel\" data-id=\"47987b0\" data-element_type=\"widget\" data-settings=\"{&quot;slides_to_show&quot;:&quot;2&quot;,&quot;slides_to_scroll&quot;:&quot;1&quot;,&quot;navigation&quot;:&quot;arrows&quot;,&quot;image_spacing_custom&quot;:{&quot;unit&quot;:&quot;px&quot;,&quot;size&quot;:40,&quot;sizes&quot;:[]},&quot;autoplay&quot;:&quot;yes&quot;,&quot;pause_on_hover&quot;:&quot;yes&quot;,&quot;pause_on_interaction&quot;:&quot;yes&quot;,&quot;autoplay_speed&quot;:5000,&quot;infinite&quot;:&quot;yes&quot;,&quot;speed&quot;:500,&quot;image_spacing_custom_tablet&quot;:{&quot;unit&quot;:&quot;px&quot;,&quot;size&quot;:&quot;&quot;,&quot;sizes&quot;:[]},&quot;image_spacing_custom_mobile&quot;:{&quot;unit&quot;:&quot;px&quot;,&quot;size&quot;:&quot;&quot;,&quot;sizes&quot;:[]}}\" data-widget_type=\"image-carousel.default\">\n\t\t\t\t\t\t\t<div class=\"elementor-image-carousel-wrapper swiper\" role=\"region\" aria-roledescription=\"carousel\" aria-label=\"Carousel of images\" dir=\"ltr\">\n\t\t\t<div class=\"elementor-image-carousel swiper-wrapper\" aria-live=\"off\">\n\t\t\t\t\t\t\t\t<div class=\"swiper-slide\" role=\"group\" aria-roledescription=\"slide\" aria-label=\"1 of 3\" data-no-translation-aria-label=\"\"><figure class=\"swiper-slide-inner\"><img decoding=\"async\" class=\"swiper-slide-image\" src=\"https:\/\/grupapawie.pl\/wp-content\/uploads\/2025\/08\/width_1600-11.webp\" alt=\"width_1600 (11)\" \/><\/figure><\/div><div class=\"swiper-slide\" role=\"group\" aria-roledescription=\"slide\" aria-label=\"2 of 3\" data-no-translation-aria-label=\"\"><figure class=\"swiper-slide-inner\"><img decoding=\"async\" class=\"swiper-slide-image\" src=\"https:\/\/grupapawie.pl\/wp-content\/uploads\/2025\/08\/width_1600-12.webp\" alt=\"width_1600 (12)\" \/><\/figure><\/div><div class=\"swiper-slide\" role=\"group\" aria-roledescription=\"slide\" aria-label=\"3 of 3\" data-no-translation-aria-label=\"\"><figure class=\"swiper-slide-inner\"><img decoding=\"async\" class=\"swiper-slide-image\" src=\"https:\/\/grupapawie.pl\/wp-content\/uploads\/2025\/08\/width_2400.webp\" alt=\"width_2400\" \/><\/figure><\/div>\t\t\t<\/div>\n\t\t\t\t\t\t\t\t\t\t\t\t<div class=\"elementor-swiper-button elementor-swiper-button-prev\" role=\"button\" tabindex=\"0\">\n\t\t\t\t\t\t<svg class=\"_gVFWg puDYqA\" viewbox=\"0 0 64 64\"><path fill=\"#fff\" d=\"M64 32L32 0V16H0V48H32V64L64 32Z\" vector-effect=\"non-scaling-stroke\"><\/path><\/svg>\t\t\t\t\t<\/div>\n\t\t\t\t\t<div class=\"elementor-swiper-button elementor-swiper-button-next\" role=\"button\" tabindex=\"0\">\n\t\t\t\t\t\t<svg class=\"_gVFWg puDYqA\" viewbox=\"0 0 64 64\"><path fill=\"#fff\" d=\"M64 32L32 0V16H0V48H32V64L64 32Z\" vector-effect=\"non-scaling-stroke\"><\/path><\/svg>\t\t\t\t\t<\/div>\n\t\t\t\t\n\t\t\t\t\t\t\t\t\t<\/div>\n\t\t\t\t\t\t<\/div>\n\t\t\t\t<div class=\"elementor-element elementor-element-a090e57 elementor-widget elementor-widget-heading\" data-id=\"a090e57\" data-element_type=\"widget\" data-widget_type=\"heading.default\">\n\t\t\t\t\t<h2 class=\"elementor-heading-title elementor-size-default\">The ROOM includes:<\/h2>\t\t\t\t<\/div>\n\t\t\t\t<div class=\"elementor-element elementor-element-7982c77 elementor-widget elementor-widget-text-editor\" data-id=\"7982c77\" data-element_type=\"widget\" data-widget_type=\"text-editor.default\">\n\t\t\t\t\t\t\t\t\t<ul><li><span class=\"a_GcMg font-feature-liga-off font-feature-clig-off font-feature-calt-off text-decoration-none text-strikethrough-none\">1 large double bed for ultimate sleeping comfort,<\/span><\/li><li><span class=\"a_GcMg font-feature-liga-off font-feature-clig-off font-feature-calt-off text-decoration-none text-strikethrough-none\">elegant d\u00e9cor with natural wood accents and atmospheric lighting,<\/span><\/li><li><span class=\"a_GcMg font-feature-liga-off font-feature-clig-off font-feature-calt-off text-decoration-none text-strikethrough-none\">Private bathroom, fully equipped for your convenience,<\/span><\/li><li>Bed linen, towels and bathrobes available for our guests,<\/li><li><span class=\"a_GcMg font-feature-liga-off font-feature-clig-off font-feature-calt-off text-decoration-none text-strikethrough-none\">access to free Wi-Fi,<\/span><\/li><li><span class=\"a_GcMg font-feature-liga-off font-feature-clig-off font-feature-calt-off text-decoration-none text-strikethrough-none\">a balcony to enjoy the fresh air and views of the surrounding area<\/span><\/li><\/ul>\t\t\t\t\t\t\t\t<\/div>\n\t\t\t\t\t<\/div>\n\t\t\t\t<\/div>\n\t\t<div class=\"elementor-element elementor-element-2285748 e-flex e-con-boxed e-con e-parent\" data-id=\"2285748\" data-element_type=\"container\">\n\t\t\t\t\t<div class=\"e-con-inner\">\n\t\t\t\t<div class=\"elementor-element elementor-element-1e0a93d elementor-widget elementor-widget-heading\" data-id=\"1e0a93d\" data-element_type=\"widget\" data-widget_type=\"heading.default\">\n\t\t\t\t\t<h2 class=\"elementor-heading-title elementor-size-default\">Ideal for<br \/> romantic stay <br \/>\nand longer rest<\/h2>\t\t\t\t<\/div>\n\t\t\t\t\t<\/div>\n\t\t\t\t<\/div>\n\t\t<div class=\"elementor-element elementor-element-c7f60d6 e-flex e-con-boxed e-con e-parent\" data-id=\"c7f60d6\" data-element_type=\"container\" data-settings=\"{&quot;background_background&quot;:&quot;classic&quot;}\">\n\t\t\t\t\t<div class=\"e-con-inner\">\n\t\t\t\t<div class=\"elementor-element elementor-element-987ff09 elementor-widget elementor-widget-text-editor\" data-id=\"987ff09\" data-element_type=\"widget\" data-widget_type=\"text-editor.default\">\n\t\t\t\t\t\t\t\t\t<p><span class=\"a_GcMg font-feature-liga-off font-feature-clig-off font-feature-calt-off text-decoration-none text-strikethrough-none\">A room with a bedroom and a balcony is an excellent choice for couples looking for a place for a romantic weekend, as well as for those planning a longer stay in the New Town district and the Warmia and Masuria region. The intimate atmosphere and refined details make every guest feel special here.<\/span><\/p>\t\t\t\t\t\t\t\t<\/div>\n\t\t\t\t<div class=\"elementor-element elementor-element-fdba1b7 elementor-widget elementor-widget-heading\" data-id=\"fdba1b7\" data-element_type=\"widget\" data-widget_type=\"heading.default\">\n\t\t\t\t\t<h2 class=\"elementor-heading-title elementor-size-default\">Facilities <br \/>additional<\/h2>\t\t\t\t<\/div>\n\t\t<div class=\"elementor-element elementor-element-6a608bc e-con-full e-flex e-con e-child\" data-id=\"6a608bc\" data-element_type=\"container\">\n\t\t\t\t<div class=\"elementor-element elementor-element-30b2645 elementor-position-right elementor-vertical-align-middle elementor-widget__width-initial elementor-widget-tablet__width-initial elementor-widget-mobile__width-inherit elementor-widget elementor-widget-image-box\" data-id=\"30b2645\" data-element_type=\"widget\" data-widget_type=\"image-box.default\">\n\t\t\t\t\t<div class=\"elementor-image-box-wrapper\"><figure class=\"elementor-image-box-img\"><img fetchpriority=\"high\" decoding=\"async\" width=\"800\" height=\"758\" src=\"https:\/\/grupapawie.pl\/wp-content\/uploads\/2025\/08\/309183ba-c18c-42ea-aded-c44ad4f12f21.png\" class=\"attachment-full size-full wp-image-743\" alt=\"\" srcset=\"https:\/\/grupapawie.pl\/wp-content\/uploads\/2025\/08\/309183ba-c18c-42ea-aded-c44ad4f12f21.png 800w, https:\/\/grupapawie.pl\/wp-content\/uploads\/2025\/08\/309183ba-c18c-42ea-aded-c44ad4f12f21-600x569.png 600w, https:\/\/grupapawie.pl\/wp-content\/uploads\/2025\/08\/309183ba-c18c-42ea-aded-c44ad4f12f21-300x284.png 300w, https:\/\/grupapawie.pl\/wp-content\/uploads\/2025\/08\/309183ba-c18c-42ea-aded-c44ad4f12f21-768x728.png 768w\" sizes=\"(max-width: 800px) 100vw, 800px\" \/><\/figure><div class=\"elementor-image-box-content\"><h3 class=\"elementor-image-box-title\">possibility to use the jacuzzi and sauna in the relaxation area of the Peacock Group<\/h3><\/div><\/div>\t\t\t\t<\/div>\n\t\t\t\t<div class=\"elementor-element elementor-element-ce0a23e elementor-position-right elementor-vertical-align-middle elementor-widget__width-initial elementor-widget-mobile__width-inherit elementor-widget elementor-widget-image-box\" data-id=\"ce0a23e\" data-element_type=\"widget\" data-widget_type=\"image-box.default\">\n\t\t\t\t\t<div class=\"elementor-image-box-wrapper\"><figure class=\"elementor-image-box-img\"><img decoding=\"async\" width=\"800\" height=\"718\" src=\"https:\/\/grupapawie.pl\/wp-content\/uploads\/2025\/08\/76c6bdfb-614b-46d1-9fc7-d3e795f7c934.png\" class=\"attachment-full size-full wp-image-744\" alt=\"\" srcset=\"https:\/\/grupapawie.pl\/wp-content\/uploads\/2025\/08\/76c6bdfb-614b-46d1-9fc7-d3e795f7c934.png 800w, https:\/\/grupapawie.pl\/wp-content\/uploads\/2025\/08\/76c6bdfb-614b-46d1-9fc7-d3e795f7c934-600x539.png 600w, https:\/\/grupapawie.pl\/wp-content\/uploads\/2025\/08\/76c6bdfb-614b-46d1-9fc7-d3e795f7c934-300x269.png 300w, https:\/\/grupapawie.pl\/wp-content\/uploads\/2025\/08\/76c6bdfb-614b-46d1-9fc7-d3e795f7c934-768x689.png 768w\" sizes=\"(max-width: 800px) 100vw, 800px\" \/><\/figure><div class=\"elementor-image-box-content\"><h3 class=\"elementor-image-box-title\">proximity to the Peacock Feather restaurant, where you can enjoy dishes based on local products<\/h3><\/div><\/div>\t\t\t\t<\/div>\n\t\t\t\t<div class=\"elementor-element elementor-element-075b849 elementor-position-right elementor-vertical-align-middle elementor-widget__width-initial elementor-widget-mobile__width-inherit elementor-widget elementor-widget-image-box\" data-id=\"075b849\" data-element_type=\"widget\" data-widget_type=\"image-box.default\">\n\t\t\t\t\t<div class=\"elementor-image-box-wrapper\"><figure class=\"elementor-image-box-img\"><img decoding=\"async\" width=\"800\" height=\"572\" src=\"https:\/\/grupapawie.pl\/wp-content\/uploads\/2025\/08\/c2e36d16-aed8-44b4-a82d-d9d9a2d221d3.png\" class=\"attachment-full size-full wp-image-748\" alt=\"\" srcset=\"https:\/\/grupapawie.pl\/wp-content\/uploads\/2025\/08\/c2e36d16-aed8-44b4-a82d-d9d9a2d221d3.png 800w, https:\/\/grupapawie.pl\/wp-content\/uploads\/2025\/08\/c2e36d16-aed8-44b4-a82d-d9d9a2d221d3-600x429.png 600w, https:\/\/grupapawie.pl\/wp-content\/uploads\/2025\/08\/c2e36d16-aed8-44b4-a82d-d9d9a2d221d3-300x215.png 300w, https:\/\/grupapawie.pl\/wp-content\/uploads\/2025\/08\/c2e36d16-aed8-44b4-a82d-d9d9a2d221d3-768x549.png 768w\" sizes=\"(max-width: 800px) 100vw, 800px\" \/><\/figure><div class=\"elementor-image-box-content\"><h3 class=\"elementor-image-box-title\">quiet sleep area<\/h3><\/div><\/div>\t\t\t\t<\/div>\n\t\t\t\t<div class=\"elementor-element elementor-element-a4cb492 elementor-position-right elementor-vertical-align-middle elementor-widget__width-initial elementor-widget-mobile__width-inherit elementor-widget elementor-widget-image-box\" data-id=\"a4cb492\" data-element_type=\"widget\" data-widget_type=\"image-box.default\">\n\t\t\t\t\t<div class=\"elementor-image-box-wrapper\"><figure class=\"elementor-image-box-img\"><img loading=\"lazy\" decoding=\"async\" width=\"800\" height=\"800\" src=\"https:\/\/grupapawie.pl\/wp-content\/uploads\/2025\/08\/ce146ce7-1237-4bbb-9d29-4a91c6d6f3c6.png\" class=\"attachment-full size-full wp-image-749\" alt=\"\" srcset=\"https:\/\/grupapawie.pl\/wp-content\/uploads\/2025\/08\/ce146ce7-1237-4bbb-9d29-4a91c6d6f3c6.png 800w, https:\/\/grupapawie.pl\/wp-content\/uploads\/2025\/08\/ce146ce7-1237-4bbb-9d29-4a91c6d6f3c6-300x300.png 300w, https:\/\/grupapawie.pl\/wp-content\/uploads\/2025\/08\/ce146ce7-1237-4bbb-9d29-4a91c6d6f3c6-100x100.png 100w, https:\/\/grupapawie.pl\/wp-content\/uploads\/2025\/08\/ce146ce7-1237-4bbb-9d29-4a91c6d6f3c6-600x600.png 600w, https:\/\/grupapawie.pl\/wp-content\/uploads\/2025\/08\/ce146ce7-1237-4bbb-9d29-4a91c6d6f3c6-150x150.png 150w, https:\/\/grupapawie.pl\/wp-content\/uploads\/2025\/08\/ce146ce7-1237-4bbb-9d29-4a91c6d6f3c6-768x768.png 768w\" sizes=\"(max-width: 800px) 100vw, 800px\" \/><\/figure><div class=\"elementor-image-box-content\"><h3 class=\"elementor-image-box-title\">the flat is non-smoking<\/h3><\/div><\/div>\t\t\t\t<\/div>\n\t\t\t\t<\/div>\n\t\t\t\t\t<\/div>\n\t\t\t\t<\/div>\n\t\t<div class=\"elementor-element elementor-element-1541df4 e-flex e-con-boxed e-con e-parent\" data-id=\"1541df4\" data-element_type=\"container\">\n\t\t\t\t\t<div class=\"e-con-inner\">\n\t\t\t\t<div class=\"elementor-element elementor-element-9bd7a31 elementor-widget elementor-widget-heading\" data-id=\"9bd7a31\" data-element_type=\"widget\" data-widget_type=\"heading.default\">\n\t\t\t\t\t<h2 class=\"elementor-heading-title elementor-size-default\">Booking <br \/>\nPREMIUM ROOM<\/h2>\t\t\t\t<\/div>\n\t\t\t\t<div class=\"elementor-element elementor-element-f1cf24f elementor-widget elementor-widget-text-editor\" data-id=\"f1cf24f\" data-element_type=\"widget\" data-widget_type=\"text-editor.default\">\n\t\t\t\t\t\t\t\t\t<p class=\"cvGsUA direction-ltr align-start para-style-body\"><span class=\"a_GcMg font-feature-liga-off font-feature-clig-off font-feature-calt-off text-decoration-none text-strikethrough-none\">If you dream of staying in a unique flat in Warmia and Mazury, contact <\/span><span class=\"a_GcMg font-feature-liga-off font-feature-clig-off font-feature-calt-off text-decoration-none text-strikethrough-none\">with us:<\/span><\/p>\t\t\t\t\t\t\t\t<\/div>\n\t\t<div class=\"elementor-element elementor-element-1823b7d e-con-full e-flex e-con e-child\" data-id=\"1823b7d\" data-element_type=\"container\">\n\t\t<div class=\"elementor-element elementor-element-bf2d42c e-con-full e-flex e-con e-child\" data-id=\"bf2d42c\" data-element_type=\"container\">\n\t\t\t\t<div class=\"elementor-element elementor-element-d510cdf elementor-position-left elementor-vertical-align-middle elementor-widget__width-auto elementor-widget-mobile__width-inherit elementor-widget elementor-widget-image-box\" data-id=\"d510cdf\" data-element_type=\"widget\" data-widget_type=\"image-box.default\">\n\t\t\t\t\t<div class=\"elementor-image-box-wrapper\"><figure class=\"elementor-image-box-img\"><a href=\"tel:+48%20600%20111%20753\" tabindex=\"-1\"><img loading=\"lazy\" decoding=\"async\" width=\"800\" height=\"800\" src=\"https:\/\/grupapawie.pl\/wp-content\/uploads\/2025\/08\/078f16e0-734a-42a4-98b1-64b052a21384.png\" class=\"attachment-full size-full wp-image-637\" alt=\"\" srcset=\"https:\/\/grupapawie.pl\/wp-content\/uploads\/2025\/08\/078f16e0-734a-42a4-98b1-64b052a21384.png 800w, https:\/\/grupapawie.pl\/wp-content\/uploads\/2025\/08\/078f16e0-734a-42a4-98b1-64b052a21384-300x300.png 300w, https:\/\/grupapawie.pl\/wp-content\/uploads\/2025\/08\/078f16e0-734a-42a4-98b1-64b052a21384-100x100.png 100w, https:\/\/grupapawie.pl\/wp-content\/uploads\/2025\/08\/078f16e0-734a-42a4-98b1-64b052a21384-600x600.png 600w, https:\/\/grupapawie.pl\/wp-content\/uploads\/2025\/08\/078f16e0-734a-42a4-98b1-64b052a21384-150x150.png 150w, https:\/\/grupapawie.pl\/wp-content\/uploads\/2025\/08\/078f16e0-734a-42a4-98b1-64b052a21384-768x768.png 768w\" sizes=\"(max-width: 800px) 100vw, 800px\" \/><\/a><\/figure><div class=\"elementor-image-box-content\"><h4 class=\"elementor-image-box-title\"><a href=\"tel:+48%20600%20111%20753\">+48 600 111 753<\/a><\/h4><\/div><\/div>\t\t\t\t<\/div>\n\t\t\t\t<div class=\"elementor-element elementor-element-6cebbc0 elementor-position-left elementor-vertical-align-middle elementor-widget__width-auto elementor-widget-mobile__width-inherit elementor-widget elementor-widget-image-box\" data-id=\"6cebbc0\" data-element_type=\"widget\" data-widget_type=\"image-box.default\">\n\t\t\t\t\t<div class=\"elementor-image-box-wrapper\"><figure class=\"elementor-image-box-img\"><a href=\"mailto:recepcja@grupapawie.pl\" tabindex=\"-1\"><img loading=\"lazy\" decoding=\"async\" width=\"800\" height=\"800\" src=\"https:\/\/grupapawie.pl\/wp-content\/uploads\/2025\/08\/ea0049b6-6dae-4ceb-a4cd-eba79994fae3.png\" class=\"attachment-full size-full wp-image-638\" alt=\"\" srcset=\"https:\/\/grupapawie.pl\/wp-content\/uploads\/2025\/08\/ea0049b6-6dae-4ceb-a4cd-eba79994fae3.png 800w, https:\/\/grupapawie.pl\/wp-content\/uploads\/2025\/08\/ea0049b6-6dae-4ceb-a4cd-eba79994fae3-300x300.png 300w, https:\/\/grupapawie.pl\/wp-content\/uploads\/2025\/08\/ea0049b6-6dae-4ceb-a4cd-eba79994fae3-100x100.png 100w, https:\/\/grupapawie.pl\/wp-content\/uploads\/2025\/08\/ea0049b6-6dae-4ceb-a4cd-eba79994fae3-600x600.png 600w, https:\/\/grupapawie.pl\/wp-content\/uploads\/2025\/08\/ea0049b6-6dae-4ceb-a4cd-eba79994fae3-150x150.png 150w, https:\/\/grupapawie.pl\/wp-content\/uploads\/2025\/08\/ea0049b6-6dae-4ceb-a4cd-eba79994fae3-768x768.png 768w\" sizes=\"(max-width: 800px) 100vw, 800px\" \/><\/a><\/figure><div class=\"elementor-image-box-content\"><h4 class=\"elementor-image-box-title\"><a href=\"mailto:recepcja@grupapawie.pl\">recepcja@grupapawie.pl<\/a><\/h4><\/div><\/div>\t\t\t\t<\/div>\n\t\t\t\t<div class=\"elementor-element elementor-element-ee11eea elementor-position-left elementor-vertical-align-middle elementor-widget__width-auto elementor-widget-mobile__width-inherit elementor-widget elementor-widget-image-box\" data-id=\"ee11eea\" data-element_type=\"widget\" data-widget_type=\"image-box.default\">\n\t\t\t\t\t<div class=\"elementor-image-box-wrapper\"><figure class=\"elementor-image-box-img\"><img loading=\"lazy\" decoding=\"async\" width=\"800\" height=\"800\" src=\"https:\/\/grupapawie.pl\/wp-content\/uploads\/2025\/08\/db82d5ce-30c7-4bbb-860b-758aee1aca8a.png\" class=\"attachment-full size-full wp-image-639\" alt=\"\" srcset=\"https:\/\/grupapawie.pl\/wp-content\/uploads\/2025\/08\/db82d5ce-30c7-4bbb-860b-758aee1aca8a.png 800w, https:\/\/grupapawie.pl\/wp-content\/uploads\/2025\/08\/db82d5ce-30c7-4bbb-860b-758aee1aca8a-300x300.png 300w, https:\/\/grupapawie.pl\/wp-content\/uploads\/2025\/08\/db82d5ce-30c7-4bbb-860b-758aee1aca8a-100x100.png 100w, https:\/\/grupapawie.pl\/wp-content\/uploads\/2025\/08\/db82d5ce-30c7-4bbb-860b-758aee1aca8a-600x600.png 600w, https:\/\/grupapawie.pl\/wp-content\/uploads\/2025\/08\/db82d5ce-30c7-4bbb-860b-758aee1aca8a-150x150.png 150w, https:\/\/grupapawie.pl\/wp-content\/uploads\/2025\/08\/db82d5ce-30c7-4bbb-860b-758aee1aca8a-768x768.png 768w\" sizes=\"(max-width: 800px) 100vw, 800px\" \/><\/figure><div class=\"elementor-image-box-content\"><h4 class=\"elementor-image-box-title\">13-300 Tylice 62<\/h4><\/div><\/div>\t\t\t\t<\/div>\n\t\t\t\t<\/div>\n\t\t\t\t<\/div>\n\t\t\t\t\t<\/div>\n\t\t\t\t<\/div>\n\t\t\t\t<\/div>","protected":false},"excerpt":{"rendered":"<p>POK\u00d3J PREMIUM z sypialni\u0105 i balkonem Nasz wyj\u0105tkowy pok\u00f3j premium to propozycja dla go\u015bci, kt\u00f3rzy ceni\u0105 sobie komfort, prywatno\u015b\u0107 i elegancj\u0119. To jedyny taki pok\u00f3j w Grupie Pawie, dzi\u0119ki czemu ka\u017cdy pobyt staje si\u0119 naprawd\u0119 wyj\u0105tkowym do\u015bwiadczeniem. Komfortowe wn\u0119trze W POKOJU znajduje si\u0119: 1 du\u017ce \u0142\u00f3\u017cko podw\u00f3jne, kt\u00f3re zapewnia najwy\u017cszy komfort snu, elegancki wystr\u00f3j z [&hellip;]<\/p>","protected":false},"author":1,"featured_media":0,"parent":412,"menu_order":0,"comment_status":"closed","ping_status":"closed","template":"","meta":{"footnotes":""},"class_list":["post-677","page","type-page","status-publish","hentry"],"_links":{"self":[{"href":"https:\/\/grupapawie.pl\/en\/wp-json\/wp\/v2\/pages\/677","targetHints":{"allow":["GET"]}}],"collection":[{"href":"https:\/\/grupapawie.pl\/en\/wp-json\/wp\/v2\/pages"}],"about":[{"href":"https:\/\/grupapawie.pl\/en\/wp-json\/wp\/v2\/types\/page"}],"author":[{"embeddable":true,"href":"https:\/\/grupapawie.pl\/en\/wp-json\/wp\/v2\/users\/1"}],"replies":[{"embeddable":true,"href":"https:\/\/grupapawie.pl\/en\/wp-json\/wp\/v2\/comments?post=677"}],"version-history":[{"count":103,"href":"https:\/\/grupapawie.pl\/en\/wp-json\/wp\/v2\/pages\/677\/revisions"}],"predecessor-version":[{"id":1903,"href":"https:\/\/grupapawie.pl\/en\/wp-json\/wp\/v2\/pages\/677\/revisions\/1903"}],"up":[{"embeddable":true,"href":"https:\/\/grupapawie.pl\/en\/wp-json\/wp\/v2\/pages\/412"}],"wp:attachment":[{"href":"https:\/\/grupapawie.pl\/en\/wp-json\/wp\/v2\/media?parent=677"}],"curies":[{"name":"wp","href":"https:\/\/api.w.org\/{rel}","templated":true}]}}