{"id":2399,"date":"2025-12-02T13:30:33","date_gmt":"2025-12-02T13:30:33","guid":{"rendered":"https:\/\/grupapawie.pl\/?page_id=2399"},"modified":"2026-03-11T13:03:06","modified_gmt":"2026-03-11T13:03:06","slug":"realizowane-projekty","status":"publish","type":"page","link":"https:\/\/grupapawie.pl\/en\/realizowane-projekty\/","title":{"rendered":"Implemented projects"},"content":{"rendered":"<div data-elementor-type=\"wp-page\" data-elementor-id=\"2399\" class=\"elementor elementor-2399\" data-elementor-post-type=\"page\">\n\t\t\t\t<div class=\"elementor-element elementor-element-92ee6da e-flex e-con-boxed e-con e-parent\" data-id=\"92ee6da\" data-element_type=\"container\" data-settings=\"{&quot;background_background&quot;:&quot;classic&quot;}\">\n\t\t\t\t\t<div class=\"e-con-inner\">\n\t\t\t\t<div class=\"elementor-element elementor-element-7ba2106 elementor-widget elementor-widget-heading\" data-id=\"7ba2106\" data-element_type=\"widget\" data-widget_type=\"heading.default\">\n\t\t\t\t\t<h1 class=\"elementor-heading-title elementor-size-default\">Ongoing projects - Peacock Group<\/h1>\t\t\t\t<\/div>\n\t\t\t\t<div class=\"elementor-element elementor-element-c7c0e65 elementor-widget elementor-widget-text-editor\" data-id=\"c7c0e65\" data-element_type=\"widget\" data-widget_type=\"text-editor.default\">\n\t\t\t\t\t\t\t\t\t<p class=\"cvGsUA direction-ltr align-center para-style-body\"><span class=\"a_GcMg font-feature-liga-off font-feature-clig-off font-feature-calt-off text-decoration-none text-strikethrough-none\">The Peacock Group is a unique place in Warmia and Mazury, where elegance meets <\/span><span class=\"a_GcMg font-feature-liga-off font-feature-clig-off font-feature-calt-off text-decoration-none text-strikethrough-none\">with a family atmosphere. We combine exquisite cuisine, comfortable accommodation and special event rooms to offer guests unforgettable moments - from festive parties to relaxation in the natural surroundings.<\/span><\/p>\t\t\t\t\t\t\t\t<\/div>\n\t\t\t\t\t<\/div>\n\t\t\t\t<\/div>\n\t\t<div class=\"elementor-element elementor-element-74c2310 e-flex e-con-boxed e-con e-parent\" data-id=\"74c2310\" data-element_type=\"container\" data-settings=\"{&quot;background_background&quot;:&quot;classic&quot;}\">\n\t\t\t\t\t<div class=\"e-con-inner\">\n\t\t<div class=\"elementor-element elementor-element-f1a313e e-con-full e-flex e-con e-child\" data-id=\"f1a313e\" data-element_type=\"container\">\n\t\t\t\t<div class=\"elementor-element elementor-element-2992662 elementor-widget elementor-widget-text-editor\" data-id=\"2992662\" data-element_type=\"widget\" data-widget_type=\"text-editor.default\">\n\t\t\t\t\t\t\t\t\t<p><em><span style=\"font-weight: 400;\">SALA WESA PAWIE OCZKO MARCIN OCZKOWSKI implements a project co-financed by the European Funds \"Diversification of business activity of Pawie Oczko Marcin Oczkowski in the Warmi\u0144sko-Mazurskie voivodeship\".<\/span><\/em><\/p><p><em><span style=\"font-weight: 400;\">The project is being implemented as part of the National Recovery and Resilience Plan.<\/span><\/em><\/p><p><em><span style=\"font-weight: 400;\">The aim of the project is to strengthen the company's operations in the HoReCa sector by diversifying its service offering, upgrading its infrastructure and increasing the company's resilience to future crises.<\/span><\/em><\/p><p><em><span style=\"font-weight: 400;\">The project will lead to the expansion of activities to include services for the organisation of professional, cultural and entertainment events, including exhibitions, trade fairs, congresses, concerts, stand-ups and cabaret nights.<\/span><\/em><\/p><p><em><span style=\"font-weight: 400;\">The project includes the adaptation and modernisation of an existing building, the purchase of professional stage equipment, the digitalisation of services through the implementation of an online ticket booking system, the installation of a heat pump and training in event organisation and risk management.<\/span><\/em><\/p><p><em><span style=\"font-weight: 400;\">The project is aimed at the company's new and existing customers, who will benefit from an expanded range of event, cultural and HoReCa services.<\/span><\/em><\/p><p><em><span style=\"font-weight: 400;\">Value of the project: PLN 733 594.09<\/span><\/em><\/p><p><em><span style=\"font-weight: 400;\">Grant value: PLN 533,174.52<\/span><\/em><\/p>\t\t\t\t\t\t\t\t<\/div>\n\t\t\t\t\t\t\t\n\t\t<img class=\"e-image-base\"  \n\t\t\t\t\t\t\t\t\tsrc=\"https:\/\/grupapawie.pl\/wp-content\/uploads\/2025\/12\/KPO_barwy-RP_NextGenerationEU_poziom_zestawienie_podstawowe_-RGB-scaled.jpg\"\n\t\t\t\t\t\t\t\t\t\t\t\twidth=\"2560\"\n\t\t\t\t\t\t\t\t\t\t\t\theight=\"328\"\n\t\t\t\t\t\t\t\t\t\t\t\tsrcset=\"https:\/\/grupapawie.pl\/wp-content\/uploads\/2025\/12\/KPO_barwy-RP_NextGenerationEU_poziom_zestawienie_podstawowe_-RGB-scaled.jpg 2560w, https:\/\/grupapawie.pl\/wp-content\/uploads\/2025\/12\/KPO_barwy-RP_NextGenerationEU_poziom_zestawienie_podstawowe_-RGB-300x38.jpg 300w, https:\/\/grupapawie.pl\/wp-content\/uploads\/2025\/12\/KPO_barwy-RP_NextGenerationEU_poziom_zestawienie_podstawowe_-RGB-1024x131.jpg 1024w, https:\/\/grupapawie.pl\/wp-content\/uploads\/2025\/12\/KPO_barwy-RP_NextGenerationEU_poziom_zestawienie_podstawowe_-RGB-768x98.jpg 768w, https:\/\/grupapawie.pl\/wp-content\/uploads\/2025\/12\/KPO_barwy-RP_NextGenerationEU_poziom_zestawienie_podstawowe_-RGB-1536x197.jpg 1536w, https:\/\/grupapawie.pl\/wp-content\/uploads\/2025\/12\/KPO_barwy-RP_NextGenerationEU_poziom_zestawienie_podstawowe_-RGB-2048x262.jpg 2048w, https:\/\/grupapawie.pl\/wp-content\/uploads\/2025\/12\/KPO_barwy-RP_NextGenerationEU_poziom_zestawienie_podstawowe_-RGB-18x2.jpg 18w, https:\/\/grupapawie.pl\/wp-content\/uploads\/2025\/12\/KPO_barwy-RP_NextGenerationEU_poziom_zestawienie_podstawowe_-RGB-600x77.jpg 600w\"\n\t\t\t\t\t\t\t\t\t\t\t\talt=\"\"\n\t\t\t\t\t\t\/>\n\t\t\t\t\t<\/div>\n\t\t\t\t\t\n<hr class=\"e-c5b61f3-e0190bc e-divider-base\"   \/>\n\t\t<div class=\"elementor-element elementor-element-f295d48 e-con-full e-flex e-con e-child\" data-id=\"f295d48\" data-element_type=\"container\">\n\t\t\t\t<div class=\"elementor-element elementor-element-37fc401 elementor-widget elementor-widget-text-editor\" data-id=\"37fc401\" data-element_type=\"widget\" data-widget_type=\"text-editor.default\">\n\t\t\t\t\t\t\t\t\t<p><strong><em>PAWIE OCZKO SP\u00d3\u0141KA Z OGRANICZON\u0104 ODPOWIEDZIALNO\u015aCI\u0104 <\/em><\/strong><em>r<\/em><em>he project, which is co-funded by the European Funds, is entitled <strong>\"Development of a GOZ-transformation business model at PAWIE OCZKO SP\u00d3\u0141KA Z OGRANICZON\u0104 ODPOWIEDZIALNO\u015aCI\u0104\". <\/strong>under the European Funds for Eastern Poland 2021-2027 programme under the European Funds for Eastern Poland 2021-2027 programme, Priority FEPW.01 Entrepreneurship and Innovation, Measure FEPW.01.03 Closed-loop economy in SMEs - Stage I.\u00a0<\/em><\/p><p><em>\u00a0<\/em><\/p><p><em>The project purchases consultancy services including the development of a business model for the operation of the company based on the assumptions of a circular economy (GOZ-transformation business model), the elements of which include, in particular, an audit of the company and implementation consultancy to determine the possible directions of the company's transformation in the GOZ stream and to identify potential opportunities for cooperation with other companies in the GOZ stream.\u00a0<\/em><\/p><p><em>\u00a0<\/em><\/p><p><em>The project is aimed at micro, small and medium-sized enterprises (SMEs) operating in Eastern Poland.<\/em><\/p><p><em>The aim of the project is to develop a GOZ-transformation business model based on an audit and analysis of the company's operations.<\/em><\/p><p><em>Total project value: 92 218,00 PLN\u00a0<\/em><\/p><p><em>EU funding for the project: PLN 92,218.00\u00a0<\/em><\/p><p><em>#EU funds #European funds<\/em><\/p>\t\t\t\t\t\t\t\t<\/div>\n\t\t\t\t\t\t\t\n\t\t<img class=\"e-image-base e-253d27b-63c2e02\"  \n\t\t\t\t\t\t\t\t\tsrc=\"https:\/\/grupapawie.pl\/wp-content\/uploads\/2026\/03\/Logotypy_UE_RP_FE_poziom_bez_tla.png\"\n\t\t\t\t\t\t\t\t\t\t\t\twidth=\"1233\"\n\t\t\t\t\t\t\t\t\t\t\t\theight=\"150\"\n\t\t\t\t\t\t\t\t\t\t\t\tsrcset=\"https:\/\/grupapawie.pl\/wp-content\/uploads\/2026\/03\/Logotypy_UE_RP_FE_poziom_bez_tla.png 1233w, https:\/\/grupapawie.pl\/wp-content\/uploads\/2026\/03\/Logotypy_UE_RP_FE_poziom_bez_tla-300x36.png 300w, https:\/\/grupapawie.pl\/wp-content\/uploads\/2026\/03\/Logotypy_UE_RP_FE_poziom_bez_tla-1024x125.png 1024w, https:\/\/grupapawie.pl\/wp-content\/uploads\/2026\/03\/Logotypy_UE_RP_FE_poziom_bez_tla-768x93.png 768w, https:\/\/grupapawie.pl\/wp-content\/uploads\/2026\/03\/Logotypy_UE_RP_FE_poziom_bez_tla-18x2.png 18w, https:\/\/grupapawie.pl\/wp-content\/uploads\/2026\/03\/Logotypy_UE_RP_FE_poziom_bez_tla-600x73.png 600w\"\n\t\t\t\t\t\t\t\t\t\t\t\talt=\"\"\n\t\t\t\t\t\t\/>\n\t\t\t\t\t<\/div>\n\t\t\t\t\t<\/div>\n\t\t\t\t<\/div>\n\t\t\t\t<\/div>","protected":false},"excerpt":{"rendered":"<p>Realized projects - The Peacock Group The Peacock Group is a unique place in Warmia and Mazury, where elegance meets family atmosphere. We combine exquisite cuisine, comfortable accommodation and special occasion rooms, offering our guests unforgettable moments - from ceremonial receptions to relaxation surrounded by nature. SALA WESA PAWIE OCZKO MARCIN OCZKOWSKI implements the project co-financed by the European Funds \"Diversification [...].<\/p>","protected":false},"author":1,"featured_media":0,"parent":0,"menu_order":0,"comment_status":"closed","ping_status":"closed","template":"","meta":{"footnotes":""},"class_list":["post-2399","page","type-page","status-publish","hentry"],"_links":{"self":[{"href":"https:\/\/grupapawie.pl\/en\/wp-json\/wp\/v2\/pages\/2399","targetHints":{"allow":["GET"]}}],"collection":[{"href":"https:\/\/grupapawie.pl\/en\/wp-json\/wp\/v2\/pages"}],"about":[{"href":"https:\/\/grupapawie.pl\/en\/wp-json\/wp\/v2\/types\/page"}],"author":[{"embeddable":true,"href":"https:\/\/grupapawie.pl\/en\/wp-json\/wp\/v2\/users\/1"}],"replies":[{"embeddable":true,"href":"https:\/\/grupapawie.pl\/en\/wp-json\/wp\/v2\/comments?post=2399"}],"version-history":[{"count":10,"href":"https:\/\/grupapawie.pl\/en\/wp-json\/wp\/v2\/pages\/2399\/revisions"}],"predecessor-version":[{"id":2439,"href":"https:\/\/grupapawie.pl\/en\/wp-json\/wp\/v2\/pages\/2399\/revisions\/2439"}],"wp:attachment":[{"href":"https:\/\/grupapawie.pl\/en\/wp-json\/wp\/v2\/media?parent=2399"}],"curies":[{"name":"wp","href":"https:\/\/api.w.org\/{rel}","templated":true}]}}